{"id":10077,"date":"2024-06-18T13:49:36","date_gmt":"2024-06-18T11:49:36","guid":{"rendered":"https:\/\/visualeurope.es\/?page_id=10077"},"modified":"2026-02-16T08:58:11","modified_gmt":"2026-02-16T07:58:11","slug":"carreras","status":"publish","type":"page","link":"https:\/\/visualeurope.es\/es\/carreras\/","title":{"rendered":"Carreras"},"content":{"rendered":"\t\t<div data-elementor-type=\"wp-page\" data-elementor-id=\"10077\" class=\"elementor elementor-10077 elementor-868\" data-elementor-post-type=\"page\">\n\t\t\t\t<div class=\"elementor-element elementor-element-e19287e e-con-full e-flex e-con e-parent\" data-id=\"e19287e\" data-element_type=\"container\" data-e-type=\"container\" data-settings=\"{&quot;background_background&quot;:&quot;video&quot;,&quot;background_video_link&quot;:&quot;https:\\\/\\\/youtu.be\\\/o8zdZZWPU2Q&quot;,&quot;background_play_on_mobile&quot;:&quot;yes&quot;}\">\n\t\t<div class=\"elementor-background-video-container\">\n\t\t\t\t\t\t\t<div class=\"elementor-background-video-embed\" role=\"presentation\"><\/div>\n\t\t\t\t\t\t<\/div>\t\t<div class=\"elementor-element elementor-element-d0034b7 elementor-widget elementor-widget-heading\" data-id=\"d0034b7\" data-element_type=\"widget\" data-e-type=\"widget\" data-widget_type=\"heading.default\">\n\t\t\t\t<div class=\"elementor-widget-container\">\n\t\t\t\t\t<h2 class=\"elementor-heading-title elementor-size-default\">\u00a1\u00danete a <br>nuestro equipo!<\/h2>\t\t\t\t<\/div>\n\t\t\t\t<\/div>\n\t\t\t\t<div class=\"elementor-element elementor-element-a3d8db2 elementor-widget__width-initial elementor-widget elementor-widget-heading\" data-id=\"a3d8db2\" data-element_type=\"widget\" data-e-type=\"widget\" data-widget_type=\"heading.default\">\n\t\t\t\t<div class=\"elementor-widget-container\">\n\t\t\t\t\t<h2 class=\"elementor-heading-title elementor-size-default\">Somos Visual Europe Group, un proveedor l\u00edder de tecnolog\u00eda audiovisual, integraci\u00f3n de sistemas y producci\u00f3n de eventos. \u00a1Descubre aqu\u00ed tu pr\u00f3ximo puesto!<\/h2>\t\t\t\t<\/div>\n\t\t\t\t<\/div>\n\t\t\t\t<\/div>\n\t\t<div class=\"elementor-element elementor-element-a146212 e-con-full e-flex e-con e-parent\" data-id=\"a146212\" data-element_type=\"container\" data-e-type=\"container\" data-settings=\"{&quot;background_background&quot;:&quot;classic&quot;}\">\n\t\t\t\t<div class=\"elementor-element elementor-element-2fc94c9 elementor-widget elementor-widget-heading\" data-id=\"2fc94c9\" data-element_type=\"widget\" data-e-type=\"widget\" data-widget_type=\"heading.default\">\n\t\t\t\t<div class=\"elementor-widget-container\">\n\t\t\t\t\t<h2 class=\"elementor-heading-title elementor-size-default\">Vacantes abiertas<\/h2>\t\t\t\t<\/div>\n\t\t\t\t<\/div>\n\t\t\t\t<div class=\"elementor-element elementor-element-34baa40 elementor-widget elementor-widget-heading\" data-id=\"34baa40\" data-element_type=\"widget\" data-e-type=\"widget\" data-widget_type=\"heading.default\">\n\t\t\t\t<div class=\"elementor-widget-container\">\n\t\t\t\t\t<h2 class=\"elementor-heading-title elementor-size-default\">Actualmente no tenemos vacantes disponibles. Si te gustar\u00eda unirte a nuestro equipo, \u00a1env\u00edanos tu CV por correo electr\u00f3nico o completando el formulario a continuaci\u00f3n!<\/h2>\t\t\t\t<\/div>\n\t\t\t\t<\/div>\n\t\t\t\t<div class=\"elementor-element elementor-element-ac622d8 elementor-hidden-desktop elementor-hidden-tablet elementor-hidden-mobile elementor-widget elementor-widget-n-accordion\" data-id=\"ac622d8\" data-element_type=\"widget\" data-e-type=\"widget\" data-settings=\"{&quot;default_state&quot;:&quot;all_collapsed&quot;,&quot;max_items_expended&quot;:&quot;multiple&quot;,&quot;n_accordion_animation_duration&quot;:{&quot;unit&quot;:&quot;ms&quot;,&quot;size&quot;:400,&quot;sizes&quot;:[]}}\" data-widget_type=\"nested-accordion.default\">\n\t\t\t\t<div class=\"elementor-widget-container\">\n\t\t\t\t\t\t\t<div class=\"e-n-accordion\" aria-label=\"Accordion. Open links with Enter or Space, close with Escape, and navigate with Arrow Keys\">\n\t\t\t\t\t\t<details id=\"e-n-accordion-item-1800\" class=\"e-n-accordion-item\" >\n\t\t\t\t<summary class=\"e-n-accordion-item-title\" data-accordion-index=\"1\" tabindex=\"0\" aria-expanded=\"false\" aria-controls=\"e-n-accordion-item-1800\" >\n\t\t\t\t\t<span class='e-n-accordion-item-title-header'><div class=\"e-n-accordion-item-title-text\"> AV technikus <\/div><\/span>\n\t\t\t\t\t\t\t<span class='e-n-accordion-item-title-icon'>\n\t\t\t<span class='e-opened' ><svg aria-hidden=\"true\" class=\"e-font-icon-svg e-fas-chevron-up\" viewBox=\"0 0 448 512\" xmlns=\"http:\/\/www.w3.org\/2000\/svg\"><path d=\"M240.971 130.524l194.343 194.343c9.373 9.373 9.373 24.569 0 33.941l-22.667 22.667c-9.357 9.357-24.522 9.375-33.901.04L224 227.495 69.255 381.516c-9.379 9.335-24.544 9.317-33.901-.04l-22.667-22.667c-9.373-9.373-9.373-24.569 0-33.941L207.03 130.525c9.372-9.373 24.568-9.373 33.941-.001z\"><\/path><\/svg><\/span>\n\t\t\t<span class='e-closed'><svg aria-hidden=\"true\" class=\"e-font-icon-svg e-fas-chevron-down\" viewBox=\"0 0 448 512\" xmlns=\"http:\/\/www.w3.org\/2000\/svg\"><path d=\"M207.029 381.476L12.686 187.132c-9.373-9.373-9.373-24.569 0-33.941l22.667-22.667c9.357-9.357 24.522-9.375 33.901-.04L224 284.505l154.745-154.021c9.379-9.335 24.544-9.317 33.901.04l22.667 22.667c9.373 9.373 9.373 24.569 0 33.941L240.971 381.476c-9.373 9.372-24.569 9.372-33.942 0z\"><\/path><\/svg><\/span>\n\t\t<\/span>\n\n\t\t\t\t\t\t<\/summary>\n\t\t\t\t<div role=\"region\" aria-labelledby=\"e-n-accordion-item-1800\" class=\"elementor-element elementor-element-6bded57 e-con-full e-flex e-con e-child\" data-id=\"6bded57\" data-element_type=\"container\" data-e-type=\"container\">\n\t\t<div role=\"region\" aria-labelledby=\"e-n-accordion-item-1800\" class=\"elementor-element elementor-element-cd24e22 e-flex e-con-boxed e-con e-child\" data-id=\"cd24e22\" data-element_type=\"container\" data-e-type=\"container\">\n\t\t\t\t\t<div class=\"e-con-inner\">\n\t\t\t\t<div class=\"elementor-element elementor-element-25bc7e6 elementor-widget elementor-widget-text-editor\" data-id=\"25bc7e6\" data-element_type=\"widget\" data-e-type=\"widget\" data-widget_type=\"text-editor.default\">\n\t\t\t\t<div class=\"elementor-widget-container\">\n\t\t\t\t\t\t\t\t\t<p><strong>Feladatok <\/strong><\/p><ul><li>Audiovizu\u00e1lis rendszerek ki\u00e9p\u00edt\u00e9s\u00e9re \u00e9s szerel\u00e9s\u00e9re ir\u00e1nyul\u00f3 megb\u00edz\u00e1sok elv\u00e9gz\u00e9s\u00e9ben val\u00f3 r\u00e9szv\u00e9tel (LED fal, projektor, vet\u00edt\u0151v\u00e1szon, monitorok, hangsz\u00f3r\u00f3k, technikai szekr\u00e9nyek)<\/li><li>Audiovizu\u00e1lis eszk\u00f6z\u00f6k szerv\u00edz- \u00e9s karbantart\u00e1si feladatainak ell\u00e1t\u00e1sa, hib\u00e1k diagnosztiz\u00e1l\u00e1sa<\/li><li>Gyenge\u00e1ram\u00fa telep\u00edt\u00e9si, szerel\u00e9si feladatok (k\u00e1belez\u00e9s, csatlakoz\u00f3 szerel\u00e9s, szerelv\u00e9nyez\u00e9s)<\/li><li>A tev\u00e9kenys\u00e9ghez kapcsol\u00f3d\u00f3 adminisztr\u00e1ci\u00f3s, dokument\u00e1ci\u00f3s feladatok elv\u00e9gz\u00e9se<\/li><\/ul><p><strong>El\u0151nyt jelent<\/strong><\/p><ul><li>Szakir\u00e1ny\u00fa v\u00e9gzetts\u00e9g\u00a0<\/li><li>AV technikai eszk\u00f6z\u00f6k telep\u00edt\u00e9s\u00e9ben, szervizel\u00e9s\u00e9ben szerzett t\u00f6bb \u00e9ves tapasztalat (LED falak, monitorok, projektorok, hangos\u00edt\u00e1s, konferenciatechnika)<\/li><li>Mechanikai \u00e9s lakatos gy\u00e1rt\u00e1si \u00e9s szerel\u00e9si gyakorlat<\/li><li>Angol nyelvtud\u00e1s<\/li><\/ul><p><strong>Elv\u00e1r\u00e1sok <\/strong><\/p><ul><li>P\u00e1lyakezd\u0151k jelentkez\u00e9s\u00e9t is v\u00e1rjuk<\/li><\/ul><p><strong>Amit k\u00edn\u00e1lunk<\/strong><\/p><ul><li>\u00c1tlagon fel\u00fcli, kisz\u00e1m\u00edthat\u00f3 j\u00f6vedelem,<\/li><li>Hossz\u00fat\u00e1v\u00fa teljes bejelentett munkaviszony, stabil v\u00e1llalati h\u00e1tt\u00e9r<\/li><li>Munkaruh\u00e1zat, v\u00e9d\u0151eszk\u00f6z\u00f6k<\/li><li>V\u00e1ltozatos projektek<\/li><li>Szakmai fejl\u0151d\u00e9st el\u0151seg\u00edt\u0151 k\u00f6rnyezet, oktat\u00e1s<\/li><li>Dinamikus, fiatal csapat<\/li><\/ul><p><strong>K\u00e9rj\u00fck, \u00f6n\u00e9letrajzod felt\u00f6lt\u00e9se sor\u00e1n \u00fczenet\u00e9ben jel\u00f6ld meg, melyik poz\u00edci\u00f3ra szeretn\u00e9l jelentkezni.<\/strong><\/p>\t\t\t\t\t\t\t\t<\/div>\n\t\t\t\t<\/div>\n\t\t\t\t<div class=\"elementor-element elementor-element-35f5c0a elementor-widget elementor-widget-button\" data-id=\"35f5c0a\" data-element_type=\"widget\" data-e-type=\"widget\" data-widget_type=\"button.default\">\n\t\t\t\t<div class=\"elementor-widget-container\">\n\t\t\t\t\t\t\t\t\t<div class=\"elementor-button-wrapper\">\n\t\t\t\t\t<a class=\"elementor-button elementor-button-link elementor-size-sm\" href=\"#ajanlatkeres\">\n\t\t\t\t\t\t<span class=\"elementor-button-content-wrapper\">\n\t\t\t\t\t\t\t\t\t<span class=\"elementor-button-text\">Jelentkezem<\/span>\n\t\t\t\t\t<\/span>\n\t\t\t\t\t<\/a>\n\t\t\t\t<\/div>\n\t\t\t\t\t\t\t\t<\/div>\n\t\t\t\t<\/div>\n\t\t\t\t\t<\/div>\n\t\t\t\t<\/div>\n\t\t\t\t<\/div>\n\t\t\t\t\t<\/details>\n\t\t\t\t\t\t<details id=\"e-n-accordion-item-1801\" class=\"e-n-accordion-item\" >\n\t\t\t\t<summary class=\"e-n-accordion-item-title\" data-accordion-index=\"2\" tabindex=\"-1\" aria-expanded=\"false\" aria-controls=\"e-n-accordion-item-1801\" >\n\t\t\t\t\t<span class='e-n-accordion-item-title-header'><div class=\"e-n-accordion-item-title-text\"> K\u00f6zbeszerz\u00e9si munkat\u00e1rs (beszerz\u00e9si r\u00e9szfeladattal) <\/div><\/span>\n\t\t\t\t\t\t\t<span class='e-n-accordion-item-title-icon'>\n\t\t\t<span class='e-opened' ><svg aria-hidden=\"true\" class=\"e-font-icon-svg e-fas-chevron-up\" viewBox=\"0 0 448 512\" xmlns=\"http:\/\/www.w3.org\/2000\/svg\"><path d=\"M240.971 130.524l194.343 194.343c9.373 9.373 9.373 24.569 0 33.941l-22.667 22.667c-9.357 9.357-24.522 9.375-33.901.04L224 227.495 69.255 381.516c-9.379 9.335-24.544 9.317-33.901-.04l-22.667-22.667c-9.373-9.373-9.373-24.569 0-33.941L207.03 130.525c9.372-9.373 24.568-9.373 33.941-.001z\"><\/path><\/svg><\/span>\n\t\t\t<span class='e-closed'><svg aria-hidden=\"true\" class=\"e-font-icon-svg e-fas-chevron-down\" viewBox=\"0 0 448 512\" xmlns=\"http:\/\/www.w3.org\/2000\/svg\"><path d=\"M207.029 381.476L12.686 187.132c-9.373-9.373-9.373-24.569 0-33.941l22.667-22.667c9.357-9.357 24.522-9.375 33.901-.04L224 284.505l154.745-154.021c9.379-9.335 24.544-9.317 33.901.04l22.667 22.667c9.373 9.373 9.373 24.569 0 33.941L240.971 381.476c-9.373 9.372-24.569 9.372-33.942 0z\"><\/path><\/svg><\/span>\n\t\t<\/span>\n\n\t\t\t\t\t\t<\/summary>\n\t\t\t\t<div role=\"region\" aria-labelledby=\"e-n-accordion-item-1801\" class=\"elementor-element elementor-element-c9ef5e1 e-con-full e-flex e-con e-child\" data-id=\"c9ef5e1\" data-element_type=\"container\" data-e-type=\"container\">\n\t\t<div role=\"region\" aria-labelledby=\"e-n-accordion-item-1801\" class=\"elementor-element elementor-element-21aa8ea e-flex e-con-boxed e-con e-child\" data-id=\"21aa8ea\" data-element_type=\"container\" data-e-type=\"container\">\n\t\t\t\t\t<div class=\"e-con-inner\">\n\t\t\t\t<div class=\"elementor-element elementor-element-4a7ea89 elementor-widget elementor-widget-text-editor\" data-id=\"4a7ea89\" data-element_type=\"widget\" data-e-type=\"widget\" data-widget_type=\"text-editor.default\">\n\t\t\t\t<div class=\"elementor-widget-container\">\n\t\t\t\t\t\t\t\t\t<p><strong>Feladatok <\/strong><\/p><ul><li>relev\u00e1ns k\u00f6zbeszerz\u00e9si p\u00e1ly\u00e1zatok figyel\u00e9se, tenderfigyel\u00e9s;<\/li><li>beszerz\u00e9si \u00e9s k\u00f6zbeszerz\u00e9si aj\u00e1nlatok teljes k\u00f6r\u0171 el\u0151k\u00e9sz\u00edt\u00e9se \u00e9s beny\u00fajt\u00e1sa;<\/li><li>hi\u00e1nyp\u00f3tl\u00e1sok, felvil\u00e1gos\u00edt\u00e1sok el\u0151k\u00e9sz\u00edt\u00e9se \u00e9s beny\u00fajt\u00e1sa;<\/li><li>a teljes beszerz\u00e9si, k\u00f6zbeszerz\u00e9si elj\u00e1r\u00e1s \u00fcgyvitele;<\/li><li>a p\u00e1ly\u00e1zatokkal kapcsolatos adatszolg\u00e1ltat\u00e1si \u00e9s nyilv\u00e1ntart\u00e1si, adminisztrat\u00edv feladatok ell\u00e1t\u00e1sa;<\/li><li>t\u00e1rster\u00fcletekkel val\u00f3 akt\u00edv kapcsolattart\u00e1s;<\/li><li>EKR, DK\u00dc \u00e9s KEF port\u00e1l haszn\u00e1lata;<\/li><li>feladatell\u00e1t\u00e1sa sor\u00e1n elv\u00e9gzi az Elektronikus K\u00f6zbeszerz\u00e9si Rendszerben \u00e9s a k\u00f6zpontos\u00edtott k\u00f6zbeszerz\u00e9si rendszerekben sz\u00fcks\u00e9ges feladatokat;<\/li><li>a k\u00f6zbeszerz\u00e9si vagy beszerz\u00e9si elj\u00e1r\u00e1sok lefolytat\u00e1s\u00e1hoz kapcsol\u00f3d\u00f3 iratokat dokument\u00e1lja \u00e9s archiv\u00e1lja<\/li><\/ul><p><strong>Elv\u00e1r\u00e1sok <\/strong><\/p><ul><li>k\u00f6zbeszerz\u00e9si ter\u00fcleten szerzett relev\u00e1ns szakmai tapasztalat;<\/li><li>MS Office irodai alkalmaz\u00e1sok magas szint\u0171 ismerete;<\/li><li>j\u00f3 probl\u00e9mamegold\u00f3 k\u00e9szs\u00e9g, proaktivit\u00e1s, rugalmass\u00e1g;<\/li><li>megb\u00edzhat\u00f3s\u00e1g, prec\u00edz, felel\u0151ss\u00e9gteljes munkav\u00e9gz\u00e9s;<\/li><li>csapatszeml\u00e9let, egy\u00fctt gondolkod\u00e1s;<\/li><li>nagyfok\u00fa \u00f6n\u00e1ll\u00f3s\u00e1g;<\/li><li>folyamatszeml\u00e9let, komplex \u00e9s megold\u00e1sk\u00f6zpont\u00fa gondolkod\u00e1s;<\/li><li>t\u00f6bb p\u00e1rhuzamos feladat elv\u00e9gz\u00e9s\u00e9re val\u00f3 k\u00e9pess\u00e9g;<\/li><li>min\u0151s\u00e9gorient\u00e1ci\u00f3 (szab\u00e1lyk\u00f6vet\u00e9s, alaposs\u00e1g, precizit\u00e1s).<\/li><\/ul><p><strong>El\u0151nyt jelent<\/strong><\/p><ul><li>k\u00f6zbeszerz\u00e9si referens v\u00e9gzetts\u00e9g<\/li><\/ul><p><strong>Amit k\u00edn\u00e1lunk <\/strong><\/p><ul><li>szakmai fejl\u0151d\u00e9si lehet\u0151s\u00e9g,<\/li><li>fiatalos, dinamikus csapat,<\/li><li>sz\u00ednvonalas munkak\u00f6rnyezet,<\/li><li>t\u00e1mogat\u00f3 munkahelyi l\u00e9gk\u00f6r,<\/li><li>c\u00e9ges laptop, telefon, mobilinternet,<\/li><li>felel\u0151ss\u00e9gteljes, \u00f6n\u00e1ll\u00f3 munka.<\/li><\/ul><div>\u00a0<\/div><div><span style=\"font-weight: bolder;\">K\u00e9rj\u00fck, \u00f6n\u00e9letrajzod felt\u00f6lt\u00e9se sor\u00e1n \u00fczenet\u00e9ben jel\u00f6ld meg, melyik poz\u00edci\u00f3ra szeretn\u00e9l jelentkezni.<\/span><\/div>\t\t\t\t\t\t\t\t<\/div>\n\t\t\t\t<\/div>\n\t\t\t\t<div class=\"elementor-element elementor-element-13972af elementor-widget elementor-widget-button\" data-id=\"13972af\" data-element_type=\"widget\" data-e-type=\"widget\" data-widget_type=\"button.default\">\n\t\t\t\t<div class=\"elementor-widget-container\">\n\t\t\t\t\t\t\t\t\t<div class=\"elementor-button-wrapper\">\n\t\t\t\t\t<a class=\"elementor-button elementor-button-link elementor-size-sm\" href=\"#ajanlatkeres\">\n\t\t\t\t\t\t<span class=\"elementor-button-content-wrapper\">\n\t\t\t\t\t\t\t\t\t<span class=\"elementor-button-text\">Jelentkezem<\/span>\n\t\t\t\t\t<\/span>\n\t\t\t\t\t<\/a>\n\t\t\t\t<\/div>\n\t\t\t\t\t\t\t\t<\/div>\n\t\t\t\t<\/div>\n\t\t\t\t\t<\/div>\n\t\t\t\t<\/div>\n\t\t\t\t<\/div>\n\t\t\t\t\t<\/details>\n\t\t\t\t\t\t<details id=\"e-n-accordion-item-1802\" class=\"e-n-accordion-item\" >\n\t\t\t\t<summary class=\"e-n-accordion-item-title\" data-accordion-index=\"3\" tabindex=\"-1\" aria-expanded=\"false\" aria-controls=\"e-n-accordion-item-1802\" >\n\t\t\t\t\t<span class='e-n-accordion-item-title-header'><div class=\"e-n-accordion-item-title-text\"> Account manager <\/div><\/span>\n\t\t\t\t\t\t\t<span class='e-n-accordion-item-title-icon'>\n\t\t\t<span class='e-opened' ><svg aria-hidden=\"true\" class=\"e-font-icon-svg e-fas-chevron-up\" viewBox=\"0 0 448 512\" xmlns=\"http:\/\/www.w3.org\/2000\/svg\"><path d=\"M240.971 130.524l194.343 194.343c9.373 9.373 9.373 24.569 0 33.941l-22.667 22.667c-9.357 9.357-24.522 9.375-33.901.04L224 227.495 69.255 381.516c-9.379 9.335-24.544 9.317-33.901-.04l-22.667-22.667c-9.373-9.373-9.373-24.569 0-33.941L207.03 130.525c9.372-9.373 24.568-9.373 33.941-.001z\"><\/path><\/svg><\/span>\n\t\t\t<span class='e-closed'><svg aria-hidden=\"true\" class=\"e-font-icon-svg e-fas-chevron-down\" viewBox=\"0 0 448 512\" xmlns=\"http:\/\/www.w3.org\/2000\/svg\"><path d=\"M207.029 381.476L12.686 187.132c-9.373-9.373-9.373-24.569 0-33.941l22.667-22.667c9.357-9.357 24.522-9.375 33.901-.04L224 284.505l154.745-154.021c9.379-9.335 24.544-9.317 33.901.04l22.667 22.667c9.373 9.373 9.373 24.569 0 33.941L240.971 381.476c-9.373 9.372-24.569 9.372-33.942 0z\"><\/path><\/svg><\/span>\n\t\t<\/span>\n\n\t\t\t\t\t\t<\/summary>\n\t\t\t\t<div role=\"region\" aria-labelledby=\"e-n-accordion-item-1802\" class=\"elementor-element elementor-element-d6f8dce e-con-full e-flex e-con e-child\" data-id=\"d6f8dce\" data-element_type=\"container\" data-e-type=\"container\">\n\t\t<div role=\"region\" aria-labelledby=\"e-n-accordion-item-1802\" class=\"elementor-element elementor-element-30aaf6e e-flex e-con-boxed e-con e-child\" data-id=\"30aaf6e\" data-element_type=\"container\" data-e-type=\"container\">\n\t\t\t\t\t<div class=\"e-con-inner\">\n\t\t\t\t<div class=\"elementor-element elementor-element-abbf3d9 elementor-widget elementor-widget-text-editor\" data-id=\"abbf3d9\" data-element_type=\"widget\" data-e-type=\"widget\" data-widget_type=\"text-editor.default\">\n\t\t\t\t<div class=\"elementor-widget-container\">\n\t\t\t\t\t\t\t\t\t<p><strong>Feladatok <\/strong><\/p>\n<ul>\n<li>aj\u00e1nlatk\u00e9r\u00e9sek feldolgoz\u00e1sa, aj\u00e1nlatad\u00e1si folyamat lebonyol\u00edt\u00e1sa az \u00e9rintett szakmai ter\u00fcletek bevon\u00e1s\u00e1val<\/li>\n<li>a rendezv\u00e9nytechnikai projektek megtervez\u00e9se, el\u0151k\u00e9sz\u00edt\u00e9se a szakmai ter\u00fcletekkel, alv\u00e1llalkoz\u00f3kkal, partnerekkel t\u00f6rt\u00e9n\u0151 egy\u00fcttm\u0171k\u00f6d\u00e9sben<\/li>\n<li>a projektek lebonyol\u00edt\u00e1s\u00e1nak koordin\u00e1ci\u00f3ja \u00e9s a lezajlott projektek min\u0151s\u00e9gi \u00e9rt\u00e9kel\u00e9se<\/li>\n<li>a projektek p\u00e9nz\u00fcgyi elsz\u00e1mol\u00e1sa<\/li>\n<li>a projektek informatikai rendszerben t\u00f6rt\u00e9n\u0151 pontos \u00e9s rendszeres adminisztr\u00e1ci\u00f3ja<\/li>\n<li>\u00fcgyf\u00e9lkapcsolatok \u00e1pol\u00e1sa, az \u00e9rt\u00e9kes\u00edt\u00e9si lehet\u0151s\u00e9gek megragad\u00e1sa<\/li>\n<\/ul>\n<p><strong>Elv\u00e1r\u00e1sok<\/strong><\/p>\n<ul>\n<li>fels\u0151fok\u00fa v\u00e9gzetts\u00e9g (gazdas\u00e1gi, kereskedelmi, kommunik\u00e1ci\u00f3s, illetve kapcsol\u00f3d\u00f3 ter\u00fcleten)<\/li>\n<li>t\u00f6bb \u00e9ves szakmai tapasztalat hasonl\u00f3 feladatk\u00f6rben<\/li>\n<li>rendezv\u00e9nytechnikai (f\u00e9ny-, hang- \u00e9s vizu\u00e1ltechnikai) ismeretek\/tapasztalat<\/li>\n<li>magas szint\u0171 MS Office haszn\u00e1lat<\/li>\n<li>akt\u00edv angol nyelvtud\u00e1s sz\u00f3ban \u00e9s \u00edr\u00e1sban<\/li>\n<li>B kateg\u00f3ri\u00e1s jogos\u00edtv\u00e1ny<\/li>\n<\/ul>\n<p><strong>El\u0151nyt jelent<\/strong><\/p>\n<ul>\n<li>f\u00e9ny-, hang- \u00e9s vizu\u00e1ltechnika ter\u00fclet\u00e9n szerzett v\u00e9gzetts\u00e9g<\/li>\n<li>rendezv\u00e9nyszektorban\/MICE szektorban szerzett tapasztalat<\/li>\n<\/ul>\n<p><strong>Amit k\u00edn\u00e1lunk<\/strong><\/p>\n<ul>\n<li>biztos v\u00e1llalati h\u00e1tt\u00e9r<\/li>\n<li>versenyk\u00e9pes j\u00f6vedelem<\/li>\n<li>j\u00f3 hangulat\u00fa fiatalos csapat, kellemes munkahelyi l\u00e9gk\u00f6r<\/li>\n<li>v\u00e1ltozatos projektek<\/li>\n<li>szakmai fejl\u0151d\u00e9si lehet\u0151s\u00e9g, tov\u00e1bbk\u00e9pz\u00e9sek<\/li>\n<li>motiv\u00e1l\u00f3 karrierutak<\/li>\n<li>r\u00e9szleges home office<\/li>\n<li>egyed\u00fcl\u00e1ll\u00f3 lehet\u0151s\u00e9g egy vonz\u00f3 szektor \u00e9s egy gyorsan fejl\u0151d\u0151, innovat\u00edv v\u00e1llalat munk\u00e1j\u00e1ba t\u00f6rt\u00e9n\u0151 bekapcsol\u00f3d\u00e1sra<\/li>\n<\/ul>\n<div><br><\/div>\n<div><span style=\"font-weight: bolder;\">K\u00e9rj\u00fck, \u00f6n\u00e9letrajzod felt\u00f6lt\u00e9se sor\u00e1n \u00fczenet\u00e9ben jel\u00f6ld meg, melyik poz\u00edci\u00f3ra szeretn\u00e9l jelentkezni.<\/span><\/div>\t\t\t\t\t\t\t\t<\/div>\n\t\t\t\t<\/div>\n\t\t\t\t<div class=\"elementor-element elementor-element-54b0939 elementor-widget elementor-widget-button\" data-id=\"54b0939\" data-element_type=\"widget\" data-e-type=\"widget\" data-widget_type=\"button.default\">\n\t\t\t\t<div class=\"elementor-widget-container\">\n\t\t\t\t\t\t\t\t\t<div class=\"elementor-button-wrapper\">\n\t\t\t\t\t<a class=\"elementor-button elementor-button-link elementor-size-sm\" href=\"#ajanlatkeres\">\n\t\t\t\t\t\t<span class=\"elementor-button-content-wrapper\">\n\t\t\t\t\t\t\t\t\t<span class=\"elementor-button-text\">Jelentkezem<\/span>\n\t\t\t\t\t<\/span>\n\t\t\t\t\t<\/a>\n\t\t\t\t<\/div>\n\t\t\t\t\t\t\t\t<\/div>\n\t\t\t\t<\/div>\n\t\t\t\t\t<\/div>\n\t\t\t\t<\/div>\n\t\t\t\t<\/div>\n\t\t\t\t\t<\/details>\n\t\t\t\t\t<\/div>\n\t\t\t\t\t\t<\/div>\n\t\t\t\t<\/div>\n\t\t\t\t<\/div>\n\t\t\t\t<\/div>\n\t\t","protected":false},"excerpt":{"rendered":"<p>\u00a1\u00danete a nuestro equipo! Somos Visual Europe Group, un proveedor l\u00edder de tecnolog\u00eda audiovisual, integraci\u00f3n de sistemas y producci\u00f3n de eventos. \u00a1Descubre aqu\u00ed tu pr\u00f3ximo puesto! Vacantes abiertas Actualmente no tenemos vacantes disponibles. Si te gustar\u00eda unirte a nuestro equipo, \u00a1env\u00edanos tu CV por correo electr\u00f3nico o completando el formulario a continuaci\u00f3n! AV technikus Feladatok [&hellip;]<\/p>\n","protected":false},"author":1,"featured_media":0,"parent":0,"menu_order":0,"comment_status":"closed","ping_status":"closed","template":"elementor_header_footer","meta":{"footnotes":""},"rendszerintegracio-teruletek":[],"rendezveny-teruletek":[],"rendszerintegracio-szolgaltataso":[],"rendezveny-szolgaltatasok":[],"class_list":["post-10077","page","type-page","status-publish","hentry"],"_links":{"self":[{"href":"https:\/\/visualeurope.es\/es\/wp-json\/wp\/v2\/pages\/10077","targetHints":{"allow":["GET"]}}],"collection":[{"href":"https:\/\/visualeurope.es\/es\/wp-json\/wp\/v2\/pages"}],"about":[{"href":"https:\/\/visualeurope.es\/es\/wp-json\/wp\/v2\/types\/page"}],"author":[{"embeddable":true,"href":"https:\/\/visualeurope.es\/es\/wp-json\/wp\/v2\/users\/1"}],"replies":[{"embeddable":true,"href":"https:\/\/visualeurope.es\/es\/wp-json\/wp\/v2\/comments?post=10077"}],"version-history":[{"count":7,"href":"https:\/\/visualeurope.es\/es\/wp-json\/wp\/v2\/pages\/10077\/revisions"}],"predecessor-version":[{"id":10355,"href":"https:\/\/visualeurope.es\/es\/wp-json\/wp\/v2\/pages\/10077\/revisions\/10355"}],"wp:attachment":[{"href":"https:\/\/visualeurope.es\/es\/wp-json\/wp\/v2\/media?parent=10077"}],"wp:term":[{"taxonomy":"rendszerintegracio-teruletek","embeddable":true,"href":"https:\/\/visualeurope.es\/es\/wp-json\/wp\/v2\/rendszerintegracio-teruletek?post=10077"},{"taxonomy":"rendezveny-teruletek","embeddable":true,"href":"https:\/\/visualeurope.es\/es\/wp-json\/wp\/v2\/rendezveny-teruletek?post=10077"},{"taxonomy":"rendszerintegracio-szolgaltataso","embeddable":true,"href":"https:\/\/visualeurope.es\/es\/wp-json\/wp\/v2\/rendszerintegracio-szolgaltataso?post=10077"},{"taxonomy":"rendezveny-szolgaltatasok","embeddable":true,"href":"https:\/\/visualeurope.es\/es\/wp-json\/wp\/v2\/rendezveny-szolgaltatasok?post=10077"}],"curies":[{"name":"wp","href":"https:\/\/api.w.org\/{rel}","templated":true}]}}