{"id":10079,"date":"2024-08-26T09:04:46","date_gmt":"2024-08-26T07:04:46","guid":{"rendered":"https:\/\/visualeurope.es\/?page_id=10079"},"modified":"2026-02-12T15:58:53","modified_gmt":"2026-02-12T14:58:53","slug":"canal-de-denuncias","status":"publish","type":"page","link":"https:\/\/visualeurope.es\/es\/canal-de-denuncias\/","title":{"rendered":"Canal de denuncias"},"content":{"rendered":"\t\t<div data-elementor-type=\"wp-page\" data-elementor-id=\"10079\" class=\"elementor elementor-10079 elementor-8321\" data-elementor-post-type=\"page\">\n\t\t\t\t<div class=\"elementor-element elementor-element-1e98069 e-con-full e-flex e-con e-parent\" data-id=\"1e98069\" data-element_type=\"container\" data-e-type=\"container\" data-settings=\"{&quot;background_background&quot;:&quot;video&quot;,&quot;background_video_link&quot;:&quot;https:\\\/\\\/youtu.be\\\/nQDtuiUf5ms&quot;,&quot;background_play_on_mobile&quot;:&quot;yes&quot;}\">\n\t\t<div class=\"elementor-background-video-container\">\n\t\t\t\t\t\t\t<div class=\"elementor-background-video-embed\" role=\"presentation\"><\/div>\n\t\t\t\t\t\t<\/div>\t\t<div class=\"elementor-element elementor-element-48c7437 elementor-widget elementor-widget-heading\" data-id=\"48c7437\" data-element_type=\"widget\" data-e-type=\"widget\" data-widget_type=\"heading.default\">\n\t\t\t\t<div class=\"elementor-widget-container\">\n\t\t\t\t\t<h2 class=\"elementor-heading-title elementor-size-default\">Canal de<br>denuncias\n<\/h2>\t\t\t\t<\/div>\n\t\t\t\t<\/div>\n\t\t\t\t<\/div>\n\t\t<div class=\"elementor-element elementor-element-e920bbe e-con-full e-flex e-con e-parent\" data-id=\"e920bbe\" data-element_type=\"container\" data-e-type=\"container\" data-settings=\"{&quot;background_background&quot;:&quot;classic&quot;}\">\n\t\t\t\t<div class=\"elementor-element elementor-element-cf5d975 elementor-widget elementor-widget-text-editor\" data-id=\"cf5d975\" data-element_type=\"widget\" data-e-type=\"widget\" data-widget_type=\"text-editor.default\">\n\t\t\t\t<div class=\"elementor-widget-container\">\n\t\t\t\t\t\t\t\t\t<p>\u00abLos empleados de Visual Europe Group, las personas que mantienen una relaci\u00f3n contractual con Visual Europe Group y otras partes interesadas pueden realizar denuncias de forma an\u00f3nima mediante el siguiente sistema de denuncias si tienen conocimiento de infracciones de las leyes, normas profesionales y \u00e9ticas, est\u00e1ndares y reglamentos aplicables a la actividad de Visual Europe Group y a su sistema de control de calidad (en adelante, \u201clas Normas\u201d).<\/p><p>Asimismo, cualquier persona que tenga un inter\u00e9s leg\u00edtimo en presentar una denuncia o en corregir la conducta objeto de la misma podr\u00e1 hacerlo. El sistema de denuncias est\u00e1 disponible a continuaci\u00f3n. La informaci\u00f3n sobre las normas procedimentales que rigen la denuncia y el tratamiento de los datos personales est\u00e1 disponible aqu\u00ed.\u00bb<\/p>\t\t\t\t\t\t\t\t<\/div>\n\t\t\t\t<\/div>\n\t\t<div class=\"elementor-element elementor-element-839ac81 e-con-full e-flex e-con e-child\" data-id=\"839ac81\" data-element_type=\"container\" data-e-type=\"container\">\n\t\t<div class=\"elementor-element elementor-element-7a87cb3 e-con-full e-flex e-con e-child\" data-id=\"7a87cb3\" data-element_type=\"container\" data-e-type=\"container\">\n\t\t\t\t<div class=\"elementor-element elementor-element-719020a elementor-widget elementor-widget-heading\" data-id=\"719020a\" data-element_type=\"widget\" data-e-type=\"widget\" data-widget_type=\"heading.default\">\n\t\t\t\t<div class=\"elementor-widget-container\">\n\t\t\t\t\t<h2 class=\"elementor-heading-title elementor-size-default\">Presentar una denuncia\n<\/h2>\t\t\t\t<\/div>\n\t\t\t\t<\/div>\n\t\t\t\t<div class=\"elementor-element elementor-element-1f85cde elementor-button-align-start elementor-widget elementor-widget-form\" data-id=\"1f85cde\" data-element_type=\"widget\" data-e-type=\"widget\" data-settings=\"{&quot;step_next_label&quot;:&quot;Siguiente&quot;,&quot;step_previous_label&quot;:&quot;Atr\\u00e1s&quot;,&quot;button_width&quot;:&quot;100&quot;,&quot;step_type&quot;:&quot;number_text&quot;,&quot;step_icon_shape&quot;:&quot;circle&quot;}\" data-widget_type=\"form.default\">\n\t\t\t\t<div class=\"elementor-widget-container\">\n\t\t\t\t\t\t\t<form class=\"elementor-form\" method=\"post\" name=\"New form\" aria-label=\"New form\">\n\t\t\t<input type=\"hidden\" name=\"post_id\" value=\"10079\"\/>\n\t\t\t<input type=\"hidden\" name=\"form_id\" value=\"1f85cde\"\/>\n\t\t\t<input type=\"hidden\" name=\"referer_title\" value=\"Canal de denuncias\" \/>\n\n\t\t\t\t\t\t\t<input type=\"hidden\" name=\"queried_id\" value=\"10079\"\/>\n\t\t\t\n\t\t\t<div class=\"elementor-form-fields-wrapper elementor-labels-above\">\n\t\t\t\t\t\t\t\t<div class=\"elementor-field-type-text elementor-field-group elementor-column elementor-field-group-name elementor-col-100 elementor-field-required elementor-mark-required\">\n\t\t\t\t\t\t\t\t\t\t\t\t<label for=\"form-field-name\" class=\"elementor-field-label\">\n\t\t\t\t\t\t\t\tNombre\/Nombre de la empresa\t\t\t\t\t\t\t<\/label>\n\t\t\t\t\t\t\t\t\t\t\t\t\t\t<input size=\"1\" type=\"text\" name=\"form_fields[name]\" id=\"form-field-name\" class=\"elementor-field elementor-size-sm  elementor-field-textual\" required=\"required\">\n\t\t\t\t\t\t\t\t\t\t\t<\/div>\n\t\t\t\t\t\t\t\t<div class=\"elementor-field-type-text elementor-field-group elementor-column elementor-field-group-field_d5eeef7 elementor-col-100 elementor-field-required elementor-mark-required\">\n\t\t\t\t\t\t\t\t\t\t\t\t<label for=\"form-field-field_d5eeef7\" class=\"elementor-field-label\">\n\t\t\t\t\t\t\t\tDirecci\u00f3n\t\t\t\t\t\t\t<\/label>\n\t\t\t\t\t\t\t\t\t\t\t\t\t\t<input size=\"1\" type=\"text\" name=\"form_fields[field_d5eeef7]\" id=\"form-field-field_d5eeef7\" class=\"elementor-field elementor-size-sm  elementor-field-textual\" required=\"required\">\n\t\t\t\t\t\t\t\t\t\t\t<\/div>\n\t\t\t\t\t\t\t\t<div class=\"elementor-field-type-text elementor-field-group elementor-column elementor-field-group-field_6b6eb02 elementor-col-100\">\n\t\t\t\t\t\t\t\t\t\t\t\t<label for=\"form-field-field_6b6eb02\" class=\"elementor-field-label\">\n\t\t\t\t\t\t\t\tEn caso de persona jur\u00eddica, el domicilio social de la entidad jur\u00eddica.\t\t\t\t\t\t\t<\/label>\n\t\t\t\t\t\t\t\t\t\t\t\t\t\t<input size=\"1\" type=\"text\" name=\"form_fields[field_6b6eb02]\" id=\"form-field-field_6b6eb02\" class=\"elementor-field elementor-size-sm  elementor-field-textual\">\n\t\t\t\t\t\t\t\t\t\t\t<\/div>\n\t\t\t\t\t\t\t\t<div class=\"elementor-field-type-textarea elementor-field-group elementor-column elementor-field-group-message elementor-col-100 elementor-field-required elementor-mark-required\">\n\t\t\t\t\t\t\t\t\t\t\t\t<label for=\"form-field-message\" class=\"elementor-field-label\">\n\t\t\t\t\t\t\t\tDescripci\u00f3n del informe\t\t\t\t\t\t\t<\/label>\n\t\t\t\t\t\t<textarea class=\"elementor-field-textual elementor-field  elementor-size-sm\" name=\"form_fields[message]\" id=\"form-field-message\" rows=\"4\" required=\"required\"><\/textarea>\t\t\t\t<\/div>\n\t\t\t\t\t\t\t\t<div class=\"elementor-field-type-email elementor-field-group elementor-column elementor-field-group-email elementor-col-100\">\n\t\t\t\t\t\t\t\t\t\t\t\t<label for=\"form-field-email\" class=\"elementor-field-label\">\n\t\t\t\t\t\t\t\tDirecci\u00f3n de correo electr\u00f3nico (si solicita comentarios sobre su informe por correo electr\u00f3nico)\t\t\t\t\t\t\t<\/label>\n\t\t\t\t\t\t\t\t\t\t\t\t\t\t<input size=\"1\" type=\"email\" name=\"form_fields[email]\" id=\"form-field-email\" class=\"elementor-field elementor-size-sm  elementor-field-textual\">\n\t\t\t\t\t\t\t\t\t\t\t<\/div>\n\t\t\t\t\t\t\t\t<div class=\"elementor-field-type-tel elementor-field-group elementor-column elementor-field-group-field_54d769b elementor-col-100\">\n\t\t\t\t\t\t\t\t\t\t\t\t<label for=\"form-field-field_54d769b\" class=\"elementor-field-label\">\n\t\t\t\t\t\t\t\tN\u00famero de tel\u00e9fono (si solicita comentarios sobre su informe por tel\u00e9fono)\t\t\t\t\t\t\t<\/label>\n\t\t\t\t\t\t\t\t<input size=\"1\" type=\"tel\" name=\"form_fields[field_54d769b]\" id=\"form-field-field_54d769b\" class=\"elementor-field elementor-size-sm  elementor-field-textual\" pattern=\"[0-9()#&amp;+*-=.]+\" title=\"Only numbers and phone characters (#, -, *, etc) are accepted.\">\n\n\t\t\t\t\t\t<\/div>\n\t\t\t\t\t\t\t\t<div class=\"elementor-field-type-html elementor-field-group elementor-column elementor-field-group-field_1ae6124 elementor-col-100\">\n\t\t\t\t\t<ul>\n \t<li>Los informes realizados de mala fe por empleados de Visual Europe Group (VEG) pueden tener consecuencias conforme a la legislaci\u00f3n laboral aplicable.<\/li>\n \t<li>Si se pone de manifiesto que un denunciante ha comunicado deliberadamente informaci\u00f3n falsa de mala fe, de importancia decisiva, y dicha informaci\u00f3n sugiere la comisi\u00f3n de un delito u otra irregularidad, sus datos personales podr\u00e1n ser transmitidos a la autoridad u organismo o a la persona facultada para iniciar los procedimientos correspondientes.<\/li>\n \t<li>Asimismo, si existen motivos razonables para creer que el denunciante ha causado da\u00f1os il\u00edcitos u otros perjuicios legales a otra persona, sus datos personales podr\u00e1n ser comunicados, previa solicitud, a la autoridad u organismo o a la persona facultada para iniciar o llevar a cabo dichos procedimientos.<\/li>\n \t<li>Visual Europe Group mantendr\u00e1 la confidencialidad de la identidad del denunciante en todas las fases de la investigaci\u00f3n, de conformidad con la legislaci\u00f3n aplicable.<\/li>\n \t<li>Los informes presentados de forma an\u00f3nima o por un denunciante no identificado podr\u00e1n no ser examinados.<\/li>\n<\/ul>\t\t\t\t<\/div>\n\t\t\t\t\t\t\t\t<div class=\"elementor-field-type-acceptance elementor-field-group elementor-column elementor-field-group-field_14adfe0 elementor-col-100 elementor-field-required elementor-mark-required\">\n\t\t\t\t\t\t\t<div class=\"elementor-field-subgroup\">\n\t\t\t<span class=\"elementor-field-option\">\n\t\t\t\t<input type=\"checkbox\" name=\"form_fields[field_14adfe0]\" id=\"form-field-field_14adfe0\" class=\"elementor-field elementor-size-sm  elementor-acceptance-field\" required=\"required\">\n\t\t\t\t<label for=\"form-field-field_14adfe0\">Declaro que realizo la presente declaraci\u00f3n de buena fe, en relaci\u00f3n con hechos que conozco o respecto de los cuales tengo motivos razonables para creer que son ciertos. <div style=\"display: inline; color:red;\">  *<\/div>\n\n<\/label>\t\t\t<\/span>\n\t\t<\/div>\n\t\t\t\t\t\t<\/div>\n\t\t\t\t\t\t\t\t<div class=\"elementor-field-type-acceptance elementor-field-group elementor-column elementor-field-group-field_c184a30 elementor-col-100 elementor-field-required elementor-mark-required\">\n\t\t\t\t\t\t\t<div class=\"elementor-field-subgroup\">\n\t\t\t<span class=\"elementor-field-option\">\n\t\t\t\t<input type=\"checkbox\" name=\"form_fields[field_c184a30]\" id=\"form-field-field_c184a30\" class=\"elementor-field elementor-size-sm  elementor-acceptance-field\" required=\"required\">\n\t\t\t\t<label for=\"form-field-field_c184a30\">Declaro que he le\u00eddo y comprendido la informaci\u00f3n anterior, as\u00ed como las normas de procedimiento, las condiciones de tratamiento de datos y las normas e informaci\u00f3n relativas al tratamiento de datos personales aplicables a la notificaci\u00f3n..<div style=\"display: inline; color:red;\">  *<\/div>\n<\/label>\t\t\t<\/span>\n\t\t<\/div>\n\t\t\t\t\t\t<\/div>\n\t\t\t\t\t\t\t\t<div class=\"elementor-field-group elementor-column elementor-field-type-submit elementor-col-100 e-form__buttons\">\n\t\t\t\t\t<button class=\"elementor-button elementor-size-sm\" type=\"submit\">\n\t\t\t\t\t\t<span class=\"elementor-button-content-wrapper\">\n\t\t\t\t\t\t\t\t\t\t\t\t\t\t\t\t\t\t\t\t\t\t<span class=\"elementor-button-text\">Enviar<\/span>\n\t\t\t\t\t\t\t\t\t\t\t\t\t<\/span>\n\t\t\t\t\t<\/button>\n\t\t\t\t<\/div>\n\t\t\t<\/div>\n\t\t<\/form>\n\t\t\t\t\t\t<\/div>\n\t\t\t\t<\/div>\n\t\t\t\t<\/div>\n\t\t<div class=\"elementor-element elementor-element-4cf8bc6 e-con-full e-flex e-con e-child\" data-id=\"4cf8bc6\" data-element_type=\"container\" data-e-type=\"container\">\n\t\t\t\t<div class=\"elementor-element elementor-element-d343d56 elementor-widget elementor-widget-image\" data-id=\"d343d56\" data-element_type=\"widget\" data-e-type=\"widget\" data-widget_type=\"image.default\">\n\t\t\t\t<div class=\"elementor-widget-container\">\n\t\t\t\t\t\t\t\t\t\t\t\t\t\t\t<img fetchpriority=\"high\" decoding=\"async\" width=\"788\" height=\"1493\" src=\"https:\/\/visualeurope.es\/wp-content\/uploads\/2024\/08\/Mask-group.png\" class=\"attachment-full size-full wp-image-10082\" alt=\"\" srcset=\"https:\/\/visualeurope.es\/wp-content\/uploads\/2024\/08\/Mask-group.png 788w, https:\/\/visualeurope.es\/wp-content\/uploads\/2024\/08\/Mask-group-158x300.png 158w, https:\/\/visualeurope.es\/wp-content\/uploads\/2024\/08\/Mask-group-540x1024.png 540w, https:\/\/visualeurope.es\/wp-content\/uploads\/2024\/08\/Mask-group-768x1455.png 768w\" sizes=\"(max-width: 788px) 100vw, 788px\" \/>\t\t\t\t\t\t\t\t\t\t\t\t\t\t\t<\/div>\n\t\t\t\t<\/div>\n\t\t\t\t<\/div>\n\t\t\t\t<\/div>\n\t\t\t\t<\/div>\n\t\t\t\t<\/div>\n\t\t","protected":false},"excerpt":{"rendered":"<p>Canal dedenuncias \u00abLos empleados de Visual Europe Group, las personas que mantienen una relaci\u00f3n contractual con Visual Europe Group y otras partes interesadas pueden realizar denuncias de forma an\u00f3nima mediante el siguiente sistema de denuncias si tienen conocimiento de infracciones de las leyes, normas profesionales y \u00e9ticas, est\u00e1ndares y reglamentos aplicables a la actividad de [&hellip;]<\/p>\n","protected":false},"author":1,"featured_media":0,"parent":0,"menu_order":0,"comment_status":"closed","ping_status":"closed","template":"elementor_header_footer","meta":{"footnotes":""},"rendszerintegracio-teruletek":[],"rendezveny-teruletek":[],"rendszerintegracio-szolgaltataso":[],"rendezveny-szolgaltatasok":[],"class_list":["post-10079","page","type-page","status-publish","hentry"],"_links":{"self":[{"href":"https:\/\/visualeurope.es\/es\/wp-json\/wp\/v2\/pages\/10079","targetHints":{"allow":["GET"]}}],"collection":[{"href":"https:\/\/visualeurope.es\/es\/wp-json\/wp\/v2\/pages"}],"about":[{"href":"https:\/\/visualeurope.es\/es\/wp-json\/wp\/v2\/types\/page"}],"author":[{"embeddable":true,"href":"https:\/\/visualeurope.es\/es\/wp-json\/wp\/v2\/users\/1"}],"replies":[{"embeddable":true,"href":"https:\/\/visualeurope.es\/es\/wp-json\/wp\/v2\/comments?post=10079"}],"version-history":[{"count":4,"href":"https:\/\/visualeurope.es\/es\/wp-json\/wp\/v2\/pages\/10079\/revisions"}],"predecessor-version":[{"id":10129,"href":"https:\/\/visualeurope.es\/es\/wp-json\/wp\/v2\/pages\/10079\/revisions\/10129"}],"wp:attachment":[{"href":"https:\/\/visualeurope.es\/es\/wp-json\/wp\/v2\/media?parent=10079"}],"wp:term":[{"taxonomy":"rendszerintegracio-teruletek","embeddable":true,"href":"https:\/\/visualeurope.es\/es\/wp-json\/wp\/v2\/rendszerintegracio-teruletek?post=10079"},{"taxonomy":"rendezveny-teruletek","embeddable":true,"href":"https:\/\/visualeurope.es\/es\/wp-json\/wp\/v2\/rendezveny-teruletek?post=10079"},{"taxonomy":"rendszerintegracio-szolgaltataso","embeddable":true,"href":"https:\/\/visualeurope.es\/es\/wp-json\/wp\/v2\/rendszerintegracio-szolgaltataso?post=10079"},{"taxonomy":"rendezveny-szolgaltatasok","embeddable":true,"href":"https:\/\/visualeurope.es\/es\/wp-json\/wp\/v2\/rendezveny-szolgaltatasok?post=10079"}],"curies":[{"name":"wp","href":"https:\/\/api.w.org\/{rel}","templated":true}]}}